{"id":1588,"date":"2025-11-14T19:48:14","date_gmt":"2025-11-14T18:48:14","guid":{"rendered":"https:\/\/www.sereniaweb.com\/get-a-quote\/"},"modified":"2025-11-16T13:36:04","modified_gmt":"2025-11-16T12:36:04","slug":"get-a-quote","status":"publish","type":"page","link":"https:\/\/www.sereniaweb.com\/sk\/get-a-quote\/","title":{"rendered":"Z\u00edskajte cenov\u00fa ponuku"},"content":{"rendered":"<div class=\"wp-block-uagb-container uagb-block-4625a592 alignfull uagb-is-root-container\"><div class=\"uagb-container-inner-blocks-wrap\">\n<div class=\"wp-block-uagb-advanced-heading uagb-block-d0dd14dc\"><h1 class=\"uagb-heading-text\">Uve\u010fme n\u00e1pady do \u017eivota<\/h1><p class=\"uagb-desc-text\">Z\u00edskajte vlastn\u00fa ponuku prisp\u00f4soben\u00fa va\u0161im jedine\u010dn\u00fdm potreb\u00e1m projektu.<\/p><\/div>\n\n\n\n<div class=\"wp-block-uagb-image uagb-block-fce0962e wp-block-uagb-image--layout-default wp-block-uagb-image--effect-static wp-block-uagb-image--align-none\"><figure class=\"wp-block-uagb-image__figure\"><img decoding=\"async\" srcset=\"https:\/\/www.sereniaweb.com\/wp-content\/uploads\/2025\/11\/hero-02-1024x529-1.jpg ,https:\/\/www.sereniaweb.com\/wp-content\/uploads\/2025\/04\/hero-02.jpg 780w, https:\/\/www.sereniaweb.com\/wp-content\/uploads\/2025\/04\/hero-02.jpg 360w\" sizes=\"auto, (max-width: 480px) 150px\" src=\"https:\/\/www.sereniaweb.com\/wp-content\/uploads\/2025\/11\/hero-02-1024x529-1.jpg\" alt=\"\" class=\"uag-image-1253\" width=\"1024\" height=\"486\" title=\"hrdina-02\" loading=\"lazy\" role=\"img\"\/><\/figure><\/div>\n<\/div><\/div>\n\n\n\n<div class=\"wp-block-uagb-container uagb-block-82a4d1ca alignfull uagb-is-root-container\"><div class=\"uagb-container-inner-blocks-wrap\">\n<div class=\"wp-block-uagb-advanced-heading uagb-block-30a08e4c\"><h2 class=\"uagb-heading-text\">Preme\u0148me va\u0161u v\u00edziu na mocn\u00fa realitu<\/h2><p class=\"uagb-desc-text\">Pode\u013ete sa o podrobnosti o svojom projekte a my v\u00e1m poskytneme ponuku na mieru, ktor\u00e1 bude zodpoveda\u0165 va\u0161im cie\u013eom a rozpo\u010dtu. N\u00e1\u0161 t\u00edm je pripraven\u00fd uvies\u0165 va\u0161e n\u00e1pady do \u017eivota s kreativitou, strat\u00e9giou a prec\u00edznos\u0165ou.<\/p><\/div>\n\n\n\n<div class=\"wp-block-uagb-container uagb-block-f2eeb9f2\">\n<div class=\"wp-block-uagb-forms uagb-forms__outer-wrap uagb-block-566c4980 uagb-forms__medium-btn\"><form class=\"uagb-forms-main-form\" method=\"post\" autocomplete=\"on\" name=\"uagb-form-566c4980\" action=\"\">\n<div class=\"wp-block-uagb-forms-name uagb-forms-name-wrap uagb-forms-field-set uagb-block-5679af7c\"><div class=\"uagb-forms-name-label required uagb-forms-input-label\" id=\"5679af7c\">Va\u0161e meno<\/div><input type=\"text\" placeholder=\"\" required class=\"uagb-forms-name-input uagb-forms-input\" name=\"5679af7c\" autocomplete=\"given-name\"\/><\/div>\n\n\n\n<div class=\"wp-block-uagb-forms-email uagb-forms-email-wrap uagb-forms-field-set uagb-block-e0834b94\"><div class=\"uagb-forms-email-label required uagb-forms-input-label\" id=\"e0834b94\">V\u00e1\u0161 e-mail<\/div><input type=\"email\" class=\"uagb-forms-email-input uagb-forms-input\" placeholder=\"\" required name=\"e0834b94\" autocomplete=\"email\"\/><\/div>\n\n\n\n<div class=\"wp-block-uagb-forms-name uagb-forms-name-wrap uagb-forms-field-set uagb-block-766715c9\"><div class=\"uagb-forms-name-label required uagb-forms-input-label\" id=\"766715c9\">Va\u0161e telef\u00f3nne \u010d\u00edslo<\/div><input type=\"text\" placeholder=\"\" required class=\"uagb-forms-name-input uagb-forms-input\" name=\"766715c9\" autocomplete=\"off\"\/><\/div>\n\n\n\n<div class=\"wp-block-uagb-forms-textarea uagb-forms-textarea-wrap uagb-forms-field-set uagb-block-027f65bb\"><div class=\"uagb-forms-textarea-label required uagb-forms-input-label\" id=\"027f65bb\">Spr\u00e1va<\/div><textarea required class=\"uagb-forms-textarea-input uagb-forms-input\" rows=\"4\" placeholder=\"\" name=\"027f65bb\" autocomplete=\"off\"><\/textarea><\/div>\n<div class=\"uagb-forms-form-hidden-data\"><input type=\"hidden\" id=\"g-recaptcha-response\" class=\"uagb-forms-recaptcha\"\/><input type=\"hidden\" class=\"uagb_forms_form_label\" value=\"Spectra Form\"\/><input type=\"hidden\" class=\"uagb_forms_form_id\" value=\"uagb-form-566c4980\"\/><\/div><div class=\"g-recaptcha uagb-forms-field-set\" data-sitekey=\"\"><\/div><div class=\"uagb-form-reacaptcha-error-566c4980\"><\/div><div class=\"uagb-forms-main-submit-button-wrap wp-block-button\"><button class=\"uagb-forms-main-submit-button wp-block-button__link\"><div class=\"uagb-forms-main-submit-button-text\">Odosla\u0165<\/div><\/button><\/div><input type=\"hidden\" name=\"trp-form-language\" value=\"sk\"\/><\/form><div class=\"uagb-forms-success-message-566c4980 uagb-forms-submit-message-hide\"><span>\u010eakujeme, odpovieme v\u00e1m do 24 hod\u00edn!<\/span><\/div><div class=\"uagb-forms-failed-message-566c4980 uagb-forms-submit-message-hide\"><span>Pri odosielan\u00ed formul\u00e1ra do\u0161lo k chybe. Skontrolujte, \u010di s\u00fa v\u0161etky polia vyplnen\u00e9.<\/span><\/div><\/div>\n<\/div>\n<\/div><\/div>\n\n\n\n<div class=\"wp-block-uagb-container uagb-block-42009b45 alignfull uagb-is-root-container\"><div class=\"uagb-container-inner-blocks-wrap\">\n<div class=\"wp-block-uagb-info-box uagb-block-4bb2b5c8 uagb-infobox__content-wrap  uagb-infobox-icon-above-title uagb-infobox-image-valign-top\"><div class=\"uagb-ifb-content\"><div class=\"uagb-ifb-image-content\"><img decoding=\"async\" src=\"https:\/\/www.sereniaweb.com\/wp-content\/uploads\/2025\/11\/Victoire-Ferber-1-150x150.png\" alt=\"\" width=\"80\" height=\"80\" loading=\"lazy\"\/><\/div><div class=\"uagb-ifb-title-wrap\"><h2 class=\"uagb-ifb-title\">Zozn\u00e1mte sa s \u013eu\u010fmi, ktor\u00ed stoja za t\u00fdmto k\u00fazlom<\/h2><\/div><p class=\"uagb-ifb-desc\">Z\u00edskajte bezplatn\u00e9 30-min\u00fatov\u00e9 strategick\u00e9 stretnutie s na\u0161\u00edm hlavn\u00fdm dizajn\u00e9rom.<\/p><div class=\"uagb-ifb-button-wrapper wp-block-button\"><a href=\"\/sk\/contact\/\" class=\"uagb-infobox-cta-link wp-block-button__link\" target=\"_self\" rel=\"noopener noreferrer\" onclick=\"return true;\"><span class=\"uagb-inline-editing\">Rezervova\u0165 si bezplatn\u00fd hovor?<\/span><\/a><\/div><\/div><\/div>\n\n\n\n<div class=\"wp-block-uagb-info-box uagb-block-8bc9d75b uagb-infobox__content-wrap  uagb-infobox-icon-above-title uagb-infobox-image-valign-top\"><div class=\"uagb-ifb-content\"><div class=\"uagb-ifb-title-wrap\"><\/div><p class=\"uagb-ifb-desc\">Uprednost\u0148ujete e-mail?<\/p><div class=\"uagb-ifb-button-wrapper wp-block-button\"><a href=\"mailto:victoire@sereniaweb.com\" target=\"_self\" onclick=\"return true;\" class=\"uagb-infobox-cta-link\" rel=\"noopener noreferrer\"><span class=\"uagb-inline-editing\">victoire@sereniaweb.com<\/span><\/a><\/div><\/div><\/div>\n<\/div><\/div>","protected":false},"excerpt":{"rendered":"<p>Let\u2019s Bring Ideas to Life Get a custom quote tailored to your unique project needs. Let\u2019s Turn Your Vision Into [&hellip;]<\/p>\n","protected":false},"author":1,"featured_media":0,"parent":0,"menu_order":0,"comment_status":"closed","ping_status":"closed","template":"","meta":{"_uag_custom_page_level_css":"","site-sidebar-layout":"no-sidebar","site-content-layout":"","ast-site-content-layout":"full-width-container","site-content-style":"unboxed","site-sidebar-style":"unboxed","ast-global-header-display":"","ast-banner-title-visibility":"","ast-main-header-display":"","ast-hfb-above-header-display":"","ast-hfb-below-header-display":"","ast-hfb-mobile-header-display":"","site-post-title":"disabled","ast-breadcrumbs-content":"","ast-featured-img":"","footer-sml-layout":"","ast-disable-related-posts":"","theme-transparent-header-meta":"enabled","adv-header-id-meta":"","stick-header-meta":"","header-above-stick-meta":"","header-main-stick-meta":"","header-below-stick-meta":"","astra-migrate-meta-layouts":"default","ast-page-background-enabled":"default","ast-page-background-meta":{"desktop":{"background-color":"var(--ast-global-color-5)","background-image":"","background-repeat":"repeat","background-position":"center center","background-size":"auto","background-attachment":"scroll","background-type":"","background-media":"","overlay-type":"","overlay-color":"","overlay-opacity":"","overlay-gradient":""},"tablet":{"background-color":"","background-image":"","background-repeat":"repeat","background-position":"center center","background-size":"auto","background-attachment":"scroll","background-type":"","background-media":"","overlay-type":"","overlay-color":"","overlay-opacity":"","overlay-gradient":""},"mobile":{"background-color":"","background-image":"","background-repeat":"repeat","background-position":"center center","background-size":"auto","background-attachment":"scroll","background-type":"","background-media":"","overlay-type":"","overlay-color":"","overlay-opacity":"","overlay-gradient":""}},"ast-content-background-meta":{"desktop":{"background-color":"var(--ast-global-color-4)","background-image":"","background-repeat":"repeat","background-position":"center center","background-size":"auto","background-attachment":"scroll","background-type":"","background-media":"","overlay-type":"","overlay-color":"","overlay-opacity":"","overlay-gradient":""},"tablet":{"background-color":"var(--ast-global-color-4)","background-image":"","background-repeat":"repeat","background-position":"center center","background-size":"auto","background-attachment":"scroll","background-type":"","background-media":"","overlay-type":"","overlay-color":"","overlay-opacity":"","overlay-gradient":""},"mobile":{"background-color":"var(--ast-global-color-4)","background-image":"","background-repeat":"repeat","background-position":"center center","background-size":"auto","background-attachment":"scroll","background-type":"","background-media":"","overlay-type":"","overlay-color":"","overlay-opacity":"","overlay-gradient":""}},"footnotes":""},"class_list":["post-1588","page","type-page","status-publish","hentry"],"spectra_custom_meta":{"site-sidebar-layout":["no-sidebar"],"ast-site-content-layout":["full-width-container"],"site-content-style":["unboxed"],"site-sidebar-style":["unboxed"],"site-post-title":["disabled"],"theme-transparent-header-meta":["enabled"],"astra-migrate-meta-layouts":["default"],"ast-page-background-enabled":["default"],"ast-page-background-meta":["a:3:{s:7:\"desktop\";a:12:{s:16:\"background-color\";s:25:\"var(--ast-global-color-5)\";s:16:\"background-image\";s:0:\"\";s:17:\"background-repeat\";s:6:\"repeat\";s:19:\"background-position\";s:13:\"center center\";s:15:\"background-size\";s:4:\"auto\";s:21:\"background-attachment\";s:6:\"scroll\";s:15:\"background-type\";s:0:\"\";s:16:\"background-media\";s:0:\"\";s:12:\"overlay-type\";s:0:\"\";s:13:\"overlay-color\";s:0:\"\";s:15:\"overlay-opacity\";s:0:\"\";s:16:\"overlay-gradient\";s:0:\"\";}s:6:\"tablet\";a:12:{s:16:\"background-color\";s:0:\"\";s:16:\"background-image\";s:0:\"\";s:17:\"background-repeat\";s:6:\"repeat\";s:19:\"background-position\";s:13:\"center center\";s:15:\"background-size\";s:4:\"auto\";s:21:\"background-attachment\";s:6:\"scroll\";s:15:\"background-type\";s:0:\"\";s:16:\"background-media\";s:0:\"\";s:12:\"overlay-type\";s:0:\"\";s:13:\"overlay-color\";s:0:\"\";s:15:\"overlay-opacity\";s:0:\"\";s:16:\"overlay-gradient\";s:0:\"\";}s:6:\"mobile\";a:12:{s:16:\"background-color\";s:0:\"\";s:16:\"background-image\";s:0:\"\";s:17:\"background-repeat\";s:6:\"repeat\";s:19:\"background-position\";s:13:\"center center\";s:15:\"background-size\";s:4:\"auto\";s:21:\"background-attachment\";s:6:\"scroll\";s:15:\"background-type\";s:0:\"\";s:16:\"background-media\";s:0:\"\";s:12:\"overlay-type\";s:0:\"\";s:13:\"overlay-color\";s:0:\"\";s:15:\"overlay-opacity\";s:0:\"\";s:16:\"overlay-gradient\";s:0:\"\";}}"],"ast-content-background-meta":["a:3:{s:7:\"desktop\";a:12:{s:16:\"background-color\";s:25:\"var(--ast-global-color-4)\";s:16:\"background-image\";s:0:\"\";s:17:\"background-repeat\";s:6:\"repeat\";s:19:\"background-position\";s:13:\"center center\";s:15:\"background-size\";s:4:\"auto\";s:21:\"background-attachment\";s:6:\"scroll\";s:15:\"background-type\";s:0:\"\";s:16:\"background-media\";s:0:\"\";s:12:\"overlay-type\";s:0:\"\";s:13:\"overlay-color\";s:0:\"\";s:15:\"overlay-opacity\";s:0:\"\";s:16:\"overlay-gradient\";s:0:\"\";}s:6:\"tablet\";a:12:{s:16:\"background-color\";s:25:\"var(--ast-global-color-4)\";s:16:\"background-image\";s:0:\"\";s:17:\"background-repeat\";s:6:\"repeat\";s:19:\"background-position\";s:13:\"center center\";s:15:\"background-size\";s:4:\"auto\";s:21:\"background-attachment\";s:6:\"scroll\";s:15:\"background-type\";s:0:\"\";s:16:\"background-media\";s:0:\"\";s:12:\"overlay-type\";s:0:\"\";s:13:\"overlay-color\";s:0:\"\";s:15:\"overlay-opacity\";s:0:\"\";s:16:\"overlay-gradient\";s:0:\"\";}s:6:\"mobile\";a:12:{s:16:\"background-color\";s:25:\"var(--ast-global-color-4)\";s:16:\"background-image\";s:0:\"\";s:17:\"background-repeat\";s:6:\"repeat\";s:19:\"background-position\";s:13:\"center center\";s:15:\"background-size\";s:4:\"auto\";s:21:\"background-attachment\";s:6:\"scroll\";s:15:\"background-type\";s:0:\"\";s:16:\"background-media\";s:0:\"\";s:12:\"overlay-type\";s:0:\"\";s:13:\"overlay-color\";s:0:\"\";s:15:\"overlay-opacity\";s:0:\"\";s:16:\"overlay-gradient\";s:0:\"\";}}"],"_yoast_wpseo_content_score":["90"],"_yoast_wpseo_estimated-reading-time-minutes":["1"],"astra-main-page-id":["94734"],"ast_self_id_94734":["1"],"_wxr_import_user_slug":["kalpeshb"],"_astra_sites_imported_post":["1"],"_astra_sites_enable_for_batch":["1"],"_edit_lock":["1763296567:1"],"_edit_last":["1"],"_uag_css_file_name":["uag-css-1588.css"],"_uag_js_file_name":["uag-js-1588.js"]},"uagb_featured_image_src":{"full":false,"thumbnail":false,"medium":false,"medium_large":false,"large":false,"1536x1536":false,"2048x2048":false,"trp-custom-language-flag":false},"uagb_author_info":{"display_name":"admin","author_link":"https:\/\/www.sereniaweb.com\/sk\/author\/admin2721\/"},"uagb_comment_info":0,"uagb_excerpt":"Let\u2019s Bring Ideas to Life Get a custom quote tailored to your unique project needs. Let\u2019s Turn Your Vision Into [&hellip;]","_links":{"self":[{"href":"https:\/\/www.sereniaweb.com\/sk\/wp-json\/wp\/v2\/pages\/1588","targetHints":{"allow":["GET"]}}],"collection":[{"href":"https:\/\/www.sereniaweb.com\/sk\/wp-json\/wp\/v2\/pages"}],"about":[{"href":"https:\/\/www.sereniaweb.com\/sk\/wp-json\/wp\/v2\/types\/page"}],"author":[{"embeddable":true,"href":"https:\/\/www.sereniaweb.com\/sk\/wp-json\/wp\/v2\/users\/1"}],"replies":[{"embeddable":true,"href":"https:\/\/www.sereniaweb.com\/sk\/wp-json\/wp\/v2\/comments?post=1588"}],"version-history":[{"count":4,"href":"https:\/\/www.sereniaweb.com\/sk\/wp-json\/wp\/v2\/pages\/1588\/revisions"}],"predecessor-version":[{"id":24911,"href":"https:\/\/www.sereniaweb.com\/sk\/wp-json\/wp\/v2\/pages\/1588\/revisions\/24911"}],"wp:attachment":[{"href":"https:\/\/www.sereniaweb.com\/sk\/wp-json\/wp\/v2\/media?parent=1588"}],"curies":[{"name":"wp","href":"https:\/\/api.w.org\/{rel}","templated":true}]}}